{"id":4815,"date":"2019-08-30T16:27:32","date_gmt":"2019-08-30T16:27:32","guid":{"rendered":"https:\/\/www.yoga-federation.eu\/?page_id=4815"},"modified":"2019-08-30T16:39:57","modified_gmt":"2019-08-30T16:39:57","slug":"hatha-joga-similiris","status":"publish","type":"page","link":"https:\/\/www.yoga-federation.eu\/cz\/hatha-joga-similiris\/","title":{"rendered":"Hatha J\u00f3ga Similiris"},"content":{"rendered":"<div class=\"fusion-fullwidth fullwidth-box fusion-builder-row-1 nonhundred-percent-fullwidth non-hundred-percent-height-scrolling\" style=\"background-color: rgba(255,255,255,0);background-position: center center;background-repeat: no-repeat;padding-top:0px;padding-right:0px;padding-bottom:0px;padding-left:0px;margin-bottom: 0px;margin-top: 0px;border-width: 0px 0px 0px 0px;border-color:#eae9e9;border-style:solid;\" ><div class=\"fusion-builder-row fusion-row\"><div class=\"fusion-layout-column fusion_builder_column fusion-builder-column-0 fusion_builder_column_1_1 1_1 fusion-one-full fusion-column-first fusion-column-last\" style=\"margin-top:0px;margin-bottom:20px;\"><div class=\"fusion-column-wrapper fusion-flex-column-wrapper-legacy\" style=\"background-position:left top;background-repeat:no-repeat;-webkit-background-size:cover;-moz-background-size:cover;-o-background-size:cover;background-size:cover;padding: 0px 0px 0px 0px;\"><div class=\"fusion-text fusion-text-1\"><p><span style=\"color: #000080;\">Hatha J\u00f3ga Similiris je j\u00f3ga sv\u011btla. Sv\u011btlo se samo objev\u00ed tehdy, kdy\u017e odstran\u00edme ve\u0161ker\u00e9 p\u0159ek\u00e1\u017eky (nedorozum\u011bn\u00ed, odm\u00edtnut\u00ed, konflikty, l\u017ei&#8230;) \u2013 tedy energie, kter\u00e9 znemo\u017e\u0148uj\u00ed setk\u00e1n\u00ed se sv\u011btlem. Nejv\u011bt\u0161\u00ed sv\u011btlo se nach\u00e1z\u00ed ukryt\u00e9 v n\u00e1s samotn\u00fdch. Vnit\u0159n\u00ed sv\u011btlo p\u0159ich\u00e1z\u00ed z centra v podob\u011b hlubok\u00e9ho klidu, zdrav\u00ed, moudrosti a l\u00e1sky. \u00a0<\/span><\/p>\n<p><a href=\"https:\/\/www.yoga-federation.eu\/wp-content\/uploads\/2019\/08\/Hatha-Joga-Similiris.jpg\"><img loading=\"lazy\" decoding=\"async\" class=\"lazyload wp-image-4817 aligncenter\" src=\"https:\/\/www.yoga-federation.eu\/wp-content\/uploads\/2019\/08\/Hatha-Joga-Similiris-1024x683.jpg\" data-orig-src=\"https:\/\/www.yoga-federation.eu\/wp-content\/uploads\/2019\/08\/Hatha-Joga-Similiris-1024x683.jpg\" alt=\"Hatha Joga Similiris\" width=\"515\" height=\"343\" srcset=\"data:image\/svg+xml,%3Csvg%20xmlns%3D%27http%3A%2F%2Fwww.w3.org%2F2000%2Fsvg%27%20width%3D%27515%27%20height%3D%27343%27%20viewBox%3D%270%200%20515%20343%27%3E%3Crect%20width%3D%27515%27%20height%3D%273343%27%20fill-opacity%3D%220%22%2F%3E%3C%2Fsvg%3E\" data-srcset=\"https:\/\/www.yoga-federation.eu\/wp-content\/uploads\/2019\/08\/Hatha-Joga-Similiris-200x133.jpg 200w, https:\/\/www.yoga-federation.eu\/wp-content\/uploads\/2019\/08\/Hatha-Joga-Similiris-300x200.jpg 300w, https:\/\/www.yoga-federation.eu\/wp-content\/uploads\/2019\/08\/Hatha-Joga-Similiris-400x267.jpg 400w, https:\/\/www.yoga-federation.eu\/wp-content\/uploads\/2019\/08\/Hatha-Joga-Similiris-600x400.jpg 600w, https:\/\/www.yoga-federation.eu\/wp-content\/uploads\/2019\/08\/Hatha-Joga-Similiris-768x512.jpg 768w, https:\/\/www.yoga-federation.eu\/wp-content\/uploads\/2019\/08\/Hatha-Joga-Similiris-800x534.jpg 800w, https:\/\/www.yoga-federation.eu\/wp-content\/uploads\/2019\/08\/Hatha-Joga-Similiris-1024x683.jpg 1024w, https:\/\/www.yoga-federation.eu\/wp-content\/uploads\/2019\/08\/Hatha-Joga-Similiris-1200x800.jpg 1200w, https:\/\/www.yoga-federation.eu\/wp-content\/uploads\/2019\/08\/Hatha-Joga-Similiris.jpg 1600w\" data-sizes=\"auto\" data-orig-sizes=\"auto, (max-width: 515px) 100vw, 515px\" \/><\/a><\/p>\n<p><span style=\"color: #000080;\">\u00da\u010dastn\u00edci prov\u00e1d\u00ed \u00e1s\u00e1ny, pr\u00e1n\u00e1j\u00e1my, m\u00fadry a meditace, aby t\u011bmito zp\u016fsoby zdokonalili ka\u017ed\u00fd segment sv\u00e9ho \u017eivota. Praktikuj\u00edc\u00ed j\u00f3gy Similiris se vyzna\u010duj\u00ed \u00fasp\u011b\u0161nost\u00ed na v\u0161ech \u00farovn\u00edch \u017eit\u00ed. V m\u00edru a pokoji d\u011blaj\u00ed sv\u00e9 rodinn\u00e9, partnersk\u00e9 a kamar\u00e1dsk\u00e9 vztahy lep\u0161\u00edmi a zdrav\u011bj\u0161\u00edmi. S lehkost\u00ed dociluj\u00ed sv\u00fdch vnit\u0159n\u00edch, ale i vn\u011bj\u0161\u00edch \u201evrchol\u016f\u201c. \u010casto se z nich st\u00e1vaj\u00ed \u0159editel\u00e9, mana\u017ee\u0159i \u010di profeso\u0159i, a dokazuj\u00ed tak, \u017ee orientace na rozvoj m\u016f\u017ee prosp\u011bt zdrav\u00ed a obohatit osobn\u00ed a profesion\u00e1ln\u00ed sf\u00e9ru \u017eivota.<\/span><\/p>\n<\/div><div class=\"fusion-clearfix\"><\/div><\/div><\/div><\/div><\/div>\n","protected":false},"excerpt":{"rendered":"","protected":false},"author":6,"featured_media":4817,"parent":0,"menu_order":0,"comment_status":"closed","ping_status":"closed","template":"","meta":{"footnotes":""},"class_list":["post-4815","page","type-page","status-publish","has-post-thumbnail","hentry"],"yoast_head":"<!-- This site is optimized with the Yoast SEO plugin v27.4 - https:\/\/yoast.com\/product\/yoast-seo-wordpress\/ -->\n<title>Hatha J\u00f3ga Similiris - Yoga Federation of Europe<\/title>\n<meta name=\"robots\" content=\"index, follow, max-snippet:-1, max-image-preview:large, max-video-preview:-1\" \/>\n<link rel=\"canonical\" href=\"https:\/\/www.yoga-federation.eu\/cz\/hatha-joga-similiris\/\" \/>\n<meta property=\"og:locale\" content=\"en_US\" \/>\n<meta property=\"og:type\" content=\"article\" \/>\n<meta property=\"og:title\" content=\"Hatha J\u00f3ga Similiris - Yoga Federation of Europe\" \/>\n<meta property=\"og:url\" content=\"https:\/\/www.yoga-federation.eu\/cz\/hatha-joga-similiris\/\" \/>\n<meta property=\"og:site_name\" content=\"Yoga Federation of Europe\" \/>\n<meta property=\"article:modified_time\" content=\"2019-08-30T16:39:57+00:00\" \/>\n<meta property=\"og:image\" content=\"https:\/\/www.yoga-federation.eu\/wp-content\/uploads\/2019\/08\/Hatha-Joga-Similiris.jpg\" \/>\n\t<meta property=\"og:image:width\" content=\"1600\" \/>\n\t<meta property=\"og:image:height\" content=\"1067\" \/>\n\t<meta property=\"og:image:type\" content=\"image\/jpeg\" \/>\n<meta name=\"twitter:card\" content=\"summary_large_image\" \/>\n<meta name=\"twitter:label1\" content=\"Est. reading time\" \/>\n\t<meta name=\"twitter:data1\" content=\"2 minutes\" \/>\n<script type=\"application\/ld+json\" class=\"yoast-schema-graph\">{\"@context\":\"https:\\\/\\\/schema.org\",\"@graph\":[{\"@type\":\"WebPage\",\"@id\":\"https:\\\/\\\/www.yoga-federation.eu\\\/cz\\\/hatha-joga-similiris\\\/\",\"url\":\"https:\\\/\\\/www.yoga-federation.eu\\\/cz\\\/hatha-joga-similiris\\\/\",\"name\":\"Hatha J\u00f3ga Similiris - Yoga Federation of Europe\",\"isPartOf\":{\"@id\":\"https:\\\/\\\/www.yoga-federation.eu\\\/#website\"},\"primaryImageOfPage\":{\"@id\":\"https:\\\/\\\/www.yoga-federation.eu\\\/cz\\\/hatha-joga-similiris\\\/#primaryimage\"},\"image\":{\"@id\":\"https:\\\/\\\/www.yoga-federation.eu\\\/cz\\\/hatha-joga-similiris\\\/#primaryimage\"},\"thumbnailUrl\":\"https:\\\/\\\/www.yoga-federation.eu\\\/wp-content\\\/uploads\\\/2019\\\/08\\\/Hatha-Joga-Similiris.jpg\",\"datePublished\":\"2019-08-30T16:27:32+00:00\",\"dateModified\":\"2019-08-30T16:39:57+00:00\",\"breadcrumb\":{\"@id\":\"https:\\\/\\\/www.yoga-federation.eu\\\/cz\\\/hatha-joga-similiris\\\/#breadcrumb\"},\"inLanguage\":\"cz-CZ\",\"potentialAction\":[{\"@type\":\"ReadAction\",\"target\":[\"https:\\\/\\\/www.yoga-federation.eu\\\/cz\\\/hatha-joga-similiris\\\/\"]}]},{\"@type\":\"ImageObject\",\"inLanguage\":\"cz-CZ\",\"@id\":\"https:\\\/\\\/www.yoga-federation.eu\\\/cz\\\/hatha-joga-similiris\\\/#primaryimage\",\"url\":\"https:\\\/\\\/www.yoga-federation.eu\\\/wp-content\\\/uploads\\\/2019\\\/08\\\/Hatha-Joga-Similiris.jpg\",\"contentUrl\":\"https:\\\/\\\/www.yoga-federation.eu\\\/wp-content\\\/uploads\\\/2019\\\/08\\\/Hatha-Joga-Similiris.jpg\",\"width\":1600,\"height\":1067,\"caption\":\"Hatha Joga Similiris\"},{\"@type\":\"BreadcrumbList\",\"@id\":\"https:\\\/\\\/www.yoga-federation.eu\\\/cz\\\/hatha-joga-similiris\\\/#breadcrumb\",\"itemListElement\":[{\"@type\":\"ListItem\",\"position\":1,\"name\":\"Home\",\"item\":\"https:\\\/\\\/www.yoga-federation.eu\\\/cz\\\/\"},{\"@type\":\"ListItem\",\"position\":2,\"name\":\"Hatha J\u00f3ga Similiris\"}]},{\"@type\":\"WebSite\",\"@id\":\"https:\\\/\\\/www.yoga-federation.eu\\\/#website\",\"url\":\"https:\\\/\\\/www.yoga-federation.eu\\\/\",\"name\":\"Yoga Federation of Europe\",\"description\":\"Yoga in Europe\",\"potentialAction\":[{\"@type\":\"SearchAction\",\"target\":{\"@type\":\"EntryPoint\",\"urlTemplate\":\"https:\\\/\\\/www.yoga-federation.eu\\\/?s={search_term_string}\"},\"query-input\":{\"@type\":\"PropertyValueSpecification\",\"valueRequired\":true,\"valueName\":\"search_term_string\"}}],\"inLanguage\":\"cz-CZ\"}]}<\/script>\n<!-- \/ Yoast SEO plugin. -->","yoast_head_json":{"title":"Hatha J\u00f3ga Similiris - Yoga Federation of Europe","robots":{"index":"index","follow":"follow","max-snippet":"max-snippet:-1","max-image-preview":"max-image-preview:large","max-video-preview":"max-video-preview:-1"},"canonical":"https:\/\/www.yoga-federation.eu\/cz\/hatha-joga-similiris\/","og_locale":"en_US","og_type":"article","og_title":"Hatha J\u00f3ga Similiris - Yoga Federation of Europe","og_url":"https:\/\/www.yoga-federation.eu\/cz\/hatha-joga-similiris\/","og_site_name":"Yoga Federation of Europe","article_modified_time":"2019-08-30T16:39:57+00:00","og_image":[{"width":1600,"height":1067,"url":"https:\/\/www.yoga-federation.eu\/wp-content\/uploads\/2019\/08\/Hatha-Joga-Similiris.jpg","type":"image\/jpeg"}],"twitter_card":"summary_large_image","twitter_misc":{"Est. reading time":"2 minutes"},"schema":{"@context":"https:\/\/schema.org","@graph":[{"@type":"WebPage","@id":"https:\/\/www.yoga-federation.eu\/cz\/hatha-joga-similiris\/","url":"https:\/\/www.yoga-federation.eu\/cz\/hatha-joga-similiris\/","name":"Hatha J\u00f3ga Similiris - Yoga Federation of Europe","isPartOf":{"@id":"https:\/\/www.yoga-federation.eu\/#website"},"primaryImageOfPage":{"@id":"https:\/\/www.yoga-federation.eu\/cz\/hatha-joga-similiris\/#primaryimage"},"image":{"@id":"https:\/\/www.yoga-federation.eu\/cz\/hatha-joga-similiris\/#primaryimage"},"thumbnailUrl":"https:\/\/www.yoga-federation.eu\/wp-content\/uploads\/2019\/08\/Hatha-Joga-Similiris.jpg","datePublished":"2019-08-30T16:27:32+00:00","dateModified":"2019-08-30T16:39:57+00:00","breadcrumb":{"@id":"https:\/\/www.yoga-federation.eu\/cz\/hatha-joga-similiris\/#breadcrumb"},"inLanguage":"cz-CZ","potentialAction":[{"@type":"ReadAction","target":["https:\/\/www.yoga-federation.eu\/cz\/hatha-joga-similiris\/"]}]},{"@type":"ImageObject","inLanguage":"cz-CZ","@id":"https:\/\/www.yoga-federation.eu\/cz\/hatha-joga-similiris\/#primaryimage","url":"https:\/\/www.yoga-federation.eu\/wp-content\/uploads\/2019\/08\/Hatha-Joga-Similiris.jpg","contentUrl":"https:\/\/www.yoga-federation.eu\/wp-content\/uploads\/2019\/08\/Hatha-Joga-Similiris.jpg","width":1600,"height":1067,"caption":"Hatha Joga Similiris"},{"@type":"BreadcrumbList","@id":"https:\/\/www.yoga-federation.eu\/cz\/hatha-joga-similiris\/#breadcrumb","itemListElement":[{"@type":"ListItem","position":1,"name":"Home","item":"https:\/\/www.yoga-federation.eu\/cz\/"},{"@type":"ListItem","position":2,"name":"Hatha J\u00f3ga Similiris"}]},{"@type":"WebSite","@id":"https:\/\/www.yoga-federation.eu\/#website","url":"https:\/\/www.yoga-federation.eu\/","name":"Yoga Federation of Europe","description":"Yoga in Europe","potentialAction":[{"@type":"SearchAction","target":{"@type":"EntryPoint","urlTemplate":"https:\/\/www.yoga-federation.eu\/?s={search_term_string}"},"query-input":{"@type":"PropertyValueSpecification","valueRequired":true,"valueName":"search_term_string"}}],"inLanguage":"cz-CZ"}]}},"_links":{"self":[{"href":"https:\/\/www.yoga-federation.eu\/cz\/wp-json\/wp\/v2\/pages\/4815","targetHints":{"allow":["GET"]}}],"collection":[{"href":"https:\/\/www.yoga-federation.eu\/cz\/wp-json\/wp\/v2\/pages"}],"about":[{"href":"https:\/\/www.yoga-federation.eu\/cz\/wp-json\/wp\/v2\/types\/page"}],"author":[{"embeddable":true,"href":"https:\/\/www.yoga-federation.eu\/cz\/wp-json\/wp\/v2\/users\/6"}],"replies":[{"embeddable":true,"href":"https:\/\/www.yoga-federation.eu\/cz\/wp-json\/wp\/v2\/comments?post=4815"}],"version-history":[{"count":0,"href":"https:\/\/www.yoga-federation.eu\/cz\/wp-json\/wp\/v2\/pages\/4815\/revisions"}],"wp:featuredmedia":[{"embeddable":true,"href":"https:\/\/www.yoga-federation.eu\/cz\/wp-json\/wp\/v2\/media\/4817"}],"wp:attachment":[{"href":"https:\/\/www.yoga-federation.eu\/cz\/wp-json\/wp\/v2\/media?parent=4815"}],"curies":[{"name":"wp","href":"https:\/\/api.w.org\/{rel}","templated":true}]}}