{"id":2780,"date":"2017-11-04T22:18:49","date_gmt":"2017-11-04T22:18:49","guid":{"rendered":"https:\/\/www.yoga-federation.eu\/?page_id=2780"},"modified":"2019-05-08T12:51:27","modified_gmt":"2019-05-08T12:51:27","slug":"kirtan-joga","status":"publish","type":"page","link":"https:\/\/www.yoga-federation.eu\/cz\/kirtan-joga\/","title":{"rendered":"Kirtan j\u00f3ga"},"content":{"rendered":"<div class=\"fusion-fullwidth fullwidth-box fusion-builder-row-1 nonhundred-percent-fullwidth non-hundred-percent-height-scrolling\" style=\"background-color: rgba(255,255,255,0);background-position: center center;background-repeat: no-repeat;padding-top:0px;padding-right:0px;padding-bottom:0px;padding-left:0px;margin-bottom: 0px;margin-top: 0px;border-width: 0px 0px 0px 0px;border-color:#eae9e9;border-style:solid;\" ><div class=\"fusion-builder-row fusion-row\"><div class=\"fusion-layout-column fusion_builder_column fusion-builder-column-0 fusion_builder_column_1_1 1_1 fusion-one-full fusion-column-first fusion-column-last\" style=\"margin-top:0px;margin-bottom:20px;\"><div class=\"fusion-column-wrapper fusion-flex-column-wrapper-legacy\" style=\"background-position:left top;background-repeat:no-repeat;-webkit-background-size:cover;-moz-background-size:cover;-o-background-size:cover;background-size:cover;padding: 0px 0px 0px 0px;\"><div class=\"fusion-text fusion-text-1\"><p><strong>Kirtany<\/strong><\/p>\n<p>Kirtany p\u0159edstavuj\u00ed starov\u011bk\u00fd zp\u016fsob meditace prost\u0159ednictv\u00edm hudby a p\u00edsn\u011b. Kirtan je sv\u00e9bytn\u00e1 \u201evnit\u0159n\u00ed komunikace\u201c prostoupen\u00e1 siln\u00fdmi emocemi, kter\u00e1 n\u00e1s spojuje s nejhlub\u0161\u00edmi poselstv\u00edmi na\u0161eho tajupln\u00e9ho nitra. Hudba se pohybuje po intimn\u00edch cest\u00e1ch \u2013 nespoutan\u011b plyne sm\u011brem k \u201eJ\u00e1dru\u201d \u2013 \u201eSt\u0159edu byt\u00ed\u201c \u2013 \u201ePodstat\u011b\u201c. Kirtan \u010dlov\u011bka no\u0159\u00ed do hlubin a odkr\u00fdv\u00e1 nejtajemn\u011bj\u0161\u00ed kr\u00e1sy na\u0161eho nitra. Jako odpov\u011b\u010f se objevuje l\u00e1ska, radost, euforie.<\/p>\n<p><strong>Kirtany v j\u00f3ze<\/strong><\/p>\n<p>V oblasti j\u00f3gy se poukazuje na d\u016fle\u017eitost vibrac\u00ed, kter\u00e9 jsou vyvol\u00e1v\u00e1ny pr\u00e1v\u011b v\u011btami Kirtan\u016f. Kirtany, kter\u00e9 jsou \u00fazce spojeny se znalostmi z N\u00e1da j\u00f3gy (druh j\u00f3gy, v n\u011bm\u017e se jako prost\u0159edek rozvoje vyu\u017e\u00edv\u00e1 zvuk), p\u0159edstavuj\u00ed d\u016fle\u017eitou metodu v rozvoji praktikuj\u00edc\u00edch. B\u011bhem prov\u00e1d\u011bn\u00ed Kirtan\u016f se objevuj\u00ed a propl\u00e9taj\u00ed kr\u00e1tk\u00e9 v\u011bty, melodick\u00e1 linka a rytmus, \u010d\u00edm\u017e \u00fa\u010dastn\u00edci vytv\u00e1\u0159\u00ed vibrace, kter\u00e9 je p\u0159iv\u00e1d\u011bj\u00ed do vy\u0161\u0161\u00edch dimenz\u00ed v\u011bdom\u00ed. Kirtan, jen\u017e je dovednostn\u011b veden ze strany U\u010ditele j\u00f3gy, pro\u010di\u0161\u0165uje \u00fa\u010dastn\u00edk\u016fm jejich energetick\u00e9 pole (k\u00f3\u0161e), posiluje energetick\u00fd status, pom\u00e1h\u00e1 p\u0159i p\u0159ekon\u00e1v\u00e1n\u00ed rozumov\u00fdch a emoci\u00e1ln\u00edch p\u0159ek\u00e1\u017eek (kl\u00e9\u0161e) a dosa\u017een\u00ed \u201espr\u00e1vn\u00e9 identifikace\u201c \u2013 vnit\u0159n\u00edho \u201eJ\u00e1\u201c.<\/p>\n<\/div><div class=\"fusion-video fusion-youtube\" style=\"max-width:765px;max-height:460px;\"><div class=\"video-shortcode\"><iframe loading=\"lazy\" title=\"YouTube video player\" src=\"https:\/\/www.youtube.com\/embed\/qYgsRHUs2i4?wmode=transparent&autoplay=0\" width=\"765\" height=\"460\" allowfullscreen allow=\"autoplay; fullscreen\"><\/iframe><\/div><\/div><div class=\"fusion-text fusion-text-2\"><p><strong>D\u016fle\u017eitost vibrac\u00ed Kirtan\u016f v j\u00f3ze<\/strong><\/p>\n<p>Kirtany v j\u00f3ze jsou kr\u00e1tk\u00e9 hudebn\u00ed formy, ve kter\u00fdch skupina lid\u00ed zp\u00edv\u00e1 ur\u010ditou melodii s textem vytvo\u0159en\u00fdch ze slov, je\u017e maj\u00ed \u010dasto samy o sob\u011b vibra\u010dn\u00ed charakter. Kirtany se dob\u0159e pamatuj\u00ed, proto\u017ee texty a v\u011bty jsou kr\u00e1tk\u00e9. Kirtan pe\u010dliv\u011b vyu\u017e\u00edv\u00e1 slo\u017een\u00e9 vibra\u010dn\u00ed slabiky \u2013 s c\u00edlem osvobodit se od \u201evnit\u0159n\u00edch p\u0159ek\u00e1\u017eek\u201c (kl\u00e9\u0161e), je\u017e praktikuj\u00edc\u00edmu j\u00f3gy zabra\u0148uj\u00ed, aby dos\u00e1hl vnit\u0159n\u00ed svobody (m\u00f3k\u0161a).<\/p>\n<p><strong>\u00da\u010dinky Kirtanu v j\u00f3ze<\/strong><\/p>\n<p>Prov\u00e1d\u011bn\u00ed Kirtan\u016f ze strany praktikuj\u00edc\u00edch j\u00f3gy napom\u00e1h\u00e1 k probuzen\u00ed stav\u016f: radosti, bla\u017eenosti, l\u00e1sky, jedine\u010dnosti, harmonie a souladu s okol\u00edm. Prost\u0159ednictv\u00edm Kirtan\u016f se v j\u00f3ze projevuje obdiv v\u016f\u010di hum\u00e1nn\u00edm hodnot\u00e1m: dobrot\u011b, l\u00e1sce, m\u00edru\u2026 Kirtany d\u00e1vaj\u00ed vzniknout \u00fact\u011b, vd\u011b\u010dnosti, nad\u0161en\u00ed\u2026<\/p>\n<p>D\u00edky tomu, \u017ee praktikuj\u00edc\u00ed v pr\u016fb\u011bhu prov\u00e1d\u011bn\u00ed Kirtan\u016f pou\u017e\u00edvaj\u00ed hlas, u\u010d\u00ed se tito jedinci, jak se emoci\u00e1ln\u011b vyj\u00e1d\u0159it, \u010d\u00edm\u017e roz\u0161i\u0159uj\u00ed svoji emoci\u00e1ln\u00ed kapacitu, svobodu a reperto\u00e1r emoci\u00e1ln\u00edch odpov\u011bd\u00ed. Zp\u011bv Kirtan\u016f pom\u00e1h\u00e1 praktikuj\u00edc\u00edm p\u0159i zvl\u00e1d\u00e1n\u00ed vlastn\u00edch n\u00e1lad a zklidn\u011bn\u00ed mysli \u2013 Kirtany \u010dlov\u011bka opro\u0161\u0165uj\u00ed od nejr\u016fzn\u011bj\u0161\u00edch denn\u00edch dilemat a nap\u011bt\u00ed a pomoc\u00ed nich dosahuje praktikuj\u00edc\u00ed vnit\u0159n\u00edho klidu. I star\u00e9 spisy upozor\u0148uj\u00ed na v\u00fdznam pro\u010di\u0161\u0165ovac\u00edch \u00fa\u010dink\u016f Kirtan\u016f. Pro praktikuj\u00edc\u00ed j\u00f3gy jsou Kirtany prost\u0159edkem seberealizace (dosa\u017een\u00ed vy\u0161\u0161\u00edch stup\u0148\u016f v\u011bdom\u00ed), proto\u017ee umo\u017e\u0148uj\u00ed pozn\u00e1v\u00e1n\u00ed, porozum\u011bn\u00ed a vyu\u017e\u00edv\u00e1n\u00ed na\u0161eho energetick\u00e9ho potenci\u00e1lu.<\/p>\n<p>D\u00edky blahod\u00e1rn\u00fdm \u00fa\u010dink\u016fm maj\u00ed Kirtany v dne\u0161n\u00ed j\u00f3ze nezastupiteln\u00e9 m\u00edsto: jedn\u00e1 se o pomocnou metodu rozvoje vy\u0161\u0161\u00edch stav\u016f v\u011bdom\u00ed, ale vyu\u017e\u00edvaj\u00ed se rovn\u011b\u017e v oblasti terapie.<\/p>\n<\/div><div class=\"fusion-clearfix\"><\/div><\/div><\/div><\/div><\/div>\n","protected":false},"excerpt":{"rendered":"","protected":false},"author":6,"featured_media":0,"parent":0,"menu_order":0,"comment_status":"closed","ping_status":"closed","template":"","meta":{"footnotes":""},"class_list":["post-2780","page","type-page","status-publish","hentry"],"yoast_head":"<!-- This site is optimized with the Yoast SEO plugin v27.4 - https:\/\/yoast.com\/product\/yoast-seo-wordpress\/ -->\n<title>Kirtan j\u00f3ga - Yoga Federation of Europe<\/title>\n<meta name=\"robots\" content=\"index, follow, max-snippet:-1, max-image-preview:large, max-video-preview:-1\" \/>\n<link rel=\"canonical\" href=\"https:\/\/www.yoga-federation.eu\/cz\/kirtan-joga\/\" \/>\n<meta property=\"og:locale\" content=\"en_US\" \/>\n<meta property=\"og:type\" content=\"article\" \/>\n<meta property=\"og:title\" content=\"Kirtan j\u00f3ga - Yoga Federation of Europe\" \/>\n<meta property=\"og:url\" content=\"https:\/\/www.yoga-federation.eu\/cz\/kirtan-joga\/\" \/>\n<meta property=\"og:site_name\" content=\"Yoga Federation of Europe\" \/>\n<meta property=\"article:modified_time\" content=\"2019-05-08T12:51:27+00:00\" \/>\n<meta property=\"og:image\" content=\"https:\/\/www.yoga-federation.eu\/wp-content\/uploads\/2017\/03\/yoga-federation-of-europe.jpg\" \/>\n\t<meta property=\"og:image:width\" content=\"1600\" \/>\n\t<meta property=\"og:image:height\" content=\"1052\" \/>\n\t<meta property=\"og:image:type\" content=\"image\/jpeg\" \/>\n<meta name=\"twitter:card\" content=\"summary_large_image\" \/>\n<meta name=\"twitter:label1\" content=\"Est. reading time\" \/>\n\t<meta name=\"twitter:data1\" content=\"4 minutes\" \/>\n<script type=\"application\/ld+json\" class=\"yoast-schema-graph\">{\"@context\":\"https:\\\/\\\/schema.org\",\"@graph\":[{\"@type\":\"WebPage\",\"@id\":\"https:\\\/\\\/www.yoga-federation.eu\\\/cz\\\/kirtan-joga\\\/\",\"url\":\"https:\\\/\\\/www.yoga-federation.eu\\\/cz\\\/kirtan-joga\\\/\",\"name\":\"Kirtan j\u00f3ga - Yoga Federation of Europe\",\"isPartOf\":{\"@id\":\"https:\\\/\\\/www.yoga-federation.eu\\\/#website\"},\"datePublished\":\"2017-11-04T22:18:49+00:00\",\"dateModified\":\"2019-05-08T12:51:27+00:00\",\"breadcrumb\":{\"@id\":\"https:\\\/\\\/www.yoga-federation.eu\\\/cz\\\/kirtan-joga\\\/#breadcrumb\"},\"inLanguage\":\"cz-CZ\",\"potentialAction\":[{\"@type\":\"ReadAction\",\"target\":[\"https:\\\/\\\/www.yoga-federation.eu\\\/cz\\\/kirtan-joga\\\/\"]}]},{\"@type\":\"BreadcrumbList\",\"@id\":\"https:\\\/\\\/www.yoga-federation.eu\\\/cz\\\/kirtan-joga\\\/#breadcrumb\",\"itemListElement\":[{\"@type\":\"ListItem\",\"position\":1,\"name\":\"Home\",\"item\":\"https:\\\/\\\/www.yoga-federation.eu\\\/cz\\\/\"},{\"@type\":\"ListItem\",\"position\":2,\"name\":\"Kirtan j\u00f3ga\"}]},{\"@type\":\"WebSite\",\"@id\":\"https:\\\/\\\/www.yoga-federation.eu\\\/#website\",\"url\":\"https:\\\/\\\/www.yoga-federation.eu\\\/\",\"name\":\"Yoga Federation of Europe\",\"description\":\"Yoga in Europe\",\"potentialAction\":[{\"@type\":\"SearchAction\",\"target\":{\"@type\":\"EntryPoint\",\"urlTemplate\":\"https:\\\/\\\/www.yoga-federation.eu\\\/?s={search_term_string}\"},\"query-input\":{\"@type\":\"PropertyValueSpecification\",\"valueRequired\":true,\"valueName\":\"search_term_string\"}}],\"inLanguage\":\"cz-CZ\"}]}<\/script>\n<!-- \/ Yoast SEO plugin. -->","yoast_head_json":{"title":"Kirtan j\u00f3ga - Yoga Federation of Europe","robots":{"index":"index","follow":"follow","max-snippet":"max-snippet:-1","max-image-preview":"max-image-preview:large","max-video-preview":"max-video-preview:-1"},"canonical":"https:\/\/www.yoga-federation.eu\/cz\/kirtan-joga\/","og_locale":"en_US","og_type":"article","og_title":"Kirtan j\u00f3ga - Yoga Federation of Europe","og_url":"https:\/\/www.yoga-federation.eu\/cz\/kirtan-joga\/","og_site_name":"Yoga Federation of Europe","article_modified_time":"2019-05-08T12:51:27+00:00","og_image":[{"width":1600,"height":1052,"url":"https:\/\/www.yoga-federation.eu\/wp-content\/uploads\/2017\/03\/yoga-federation-of-europe.jpg","type":"image\/jpeg"}],"twitter_card":"summary_large_image","twitter_misc":{"Est. reading time":"4 minutes"},"schema":{"@context":"https:\/\/schema.org","@graph":[{"@type":"WebPage","@id":"https:\/\/www.yoga-federation.eu\/cz\/kirtan-joga\/","url":"https:\/\/www.yoga-federation.eu\/cz\/kirtan-joga\/","name":"Kirtan j\u00f3ga - Yoga Federation of Europe","isPartOf":{"@id":"https:\/\/www.yoga-federation.eu\/#website"},"datePublished":"2017-11-04T22:18:49+00:00","dateModified":"2019-05-08T12:51:27+00:00","breadcrumb":{"@id":"https:\/\/www.yoga-federation.eu\/cz\/kirtan-joga\/#breadcrumb"},"inLanguage":"cz-CZ","potentialAction":[{"@type":"ReadAction","target":["https:\/\/www.yoga-federation.eu\/cz\/kirtan-joga\/"]}]},{"@type":"BreadcrumbList","@id":"https:\/\/www.yoga-federation.eu\/cz\/kirtan-joga\/#breadcrumb","itemListElement":[{"@type":"ListItem","position":1,"name":"Home","item":"https:\/\/www.yoga-federation.eu\/cz\/"},{"@type":"ListItem","position":2,"name":"Kirtan j\u00f3ga"}]},{"@type":"WebSite","@id":"https:\/\/www.yoga-federation.eu\/#website","url":"https:\/\/www.yoga-federation.eu\/","name":"Yoga Federation of Europe","description":"Yoga in Europe","potentialAction":[{"@type":"SearchAction","target":{"@type":"EntryPoint","urlTemplate":"https:\/\/www.yoga-federation.eu\/?s={search_term_string}"},"query-input":{"@type":"PropertyValueSpecification","valueRequired":true,"valueName":"search_term_string"}}],"inLanguage":"cz-CZ"}]}},"_links":{"self":[{"href":"https:\/\/www.yoga-federation.eu\/cz\/wp-json\/wp\/v2\/pages\/2780","targetHints":{"allow":["GET"]}}],"collection":[{"href":"https:\/\/www.yoga-federation.eu\/cz\/wp-json\/wp\/v2\/pages"}],"about":[{"href":"https:\/\/www.yoga-federation.eu\/cz\/wp-json\/wp\/v2\/types\/page"}],"author":[{"embeddable":true,"href":"https:\/\/www.yoga-federation.eu\/cz\/wp-json\/wp\/v2\/users\/6"}],"replies":[{"embeddable":true,"href":"https:\/\/www.yoga-federation.eu\/cz\/wp-json\/wp\/v2\/comments?post=2780"}],"version-history":[{"count":0,"href":"https:\/\/www.yoga-federation.eu\/cz\/wp-json\/wp\/v2\/pages\/2780\/revisions"}],"wp:attachment":[{"href":"https:\/\/www.yoga-federation.eu\/cz\/wp-json\/wp\/v2\/media?parent=2780"}],"curies":[{"name":"wp","href":"https:\/\/api.w.org\/{rel}","templated":true}]}}